{"id":201,"date":"2023-10-23T15:41:39","date_gmt":"2023-10-23T13:41:39","guid":{"rendered":"https:\/\/www.bss-dinslaken.de\/wp\/?page_id=201"},"modified":"2023-10-28T12:23:59","modified_gmt":"2023-10-28T10:23:59","slug":"gegen-sexuelle-gewalt","status":"publish","type":"page","link":"https:\/\/www.bss-dinslaken.de\/wp\/?page_id=201","title":{"rendered":"Gegen sexuelle Gewalt"},"content":{"rendered":"<p>Der BSS setzt ein klares Zeichen gegen (sexuelle) Gewalt.<br \/>\nZum 1. Mai 2010 hat der Gesetzgeber im Bundeszentralregistergesetz (BZRG) in \u00a7\u00a7 30a und 31 die Grundlage f\u00fcr das sogenannte erweiterte F\u00fchrungszeugnis geschaffen, das f\u00fcr Personen erteilt werden kann, die beruflich, ehrenamtlich oder in sonstiger Weise kinder- oder jugendnah t\u00e4tig sind.<\/p>\n<p>Im Sinne einer Selbstverpflichtung und als ein Baustein zum Schutz gegen (sexuelle) Gewalt haben alle unsere \u00dcbungsleiter und \u00dcbungsleiterinnen ein aktuelles erweitertes F\u00fchrungszeugnis ohne Eintr\u00e4ge beim Verein hinterlegt.<\/p>\n<p>Die Thematisierung (sexueller) Gewalt als Machtmissbrauch ist eine notwenige gesellschaftliche Aufgabe, der sich auch unsere ehrenamtlichen T\u00e4tigen stellen. Potentielle T\u00e4ter k\u00f6nnen dadurch abgeschreckt werden.<\/p>\n<p>Die Vorlage des (erweiterten) F\u00fchrungszeugnisses erweist sich sowohl f\u00fcr Ehrenamtliche als auch f\u00fcr die Aktivit\u00e4ten des BSS e.V. als weiteres Qualit\u00e4tskriterium.<\/p>\n\n","protected":false},"excerpt":{"rendered":"<p>Der BSS setzt ein klares Zeichen gegen (sexuelle) Gewalt. Zum 1. Mai 2010 hat der Gesetzgeber im Bundeszentralregistergesetz (BZRG) in \u00a7\u00a7 30a und 31 die &hellip;<\/p>\n","protected":false},"author":1,"featured_media":0,"parent":0,"menu_order":0,"comment_status":"closed","ping_status":"closed","template":"","meta":{"footnotes":""},"class_list":["post-201","page","type-page","status-publish","hentry"],"_links":{"self":[{"href":"https:\/\/www.bss-dinslaken.de\/wp\/index.php?rest_route=\/wp\/v2\/pages\/201","targetHints":{"allow":["GET"]}}],"collection":[{"href":"https:\/\/www.bss-dinslaken.de\/wp\/index.php?rest_route=\/wp\/v2\/pages"}],"about":[{"href":"https:\/\/www.bss-dinslaken.de\/wp\/index.php?rest_route=\/wp\/v2\/types\/page"}],"author":[{"embeddable":true,"href":"https:\/\/www.bss-dinslaken.de\/wp\/index.php?rest_route=\/wp\/v2\/users\/1"}],"replies":[{"embeddable":true,"href":"https:\/\/www.bss-dinslaken.de\/wp\/index.php?rest_route=%2Fwp%2Fv2%2Fcomments&post=201"}],"version-history":[{"count":8,"href":"https:\/\/www.bss-dinslaken.de\/wp\/index.php?rest_route=\/wp\/v2\/pages\/201\/revisions"}],"predecessor-version":[{"id":327,"href":"https:\/\/www.bss-dinslaken.de\/wp\/index.php?rest_route=\/wp\/v2\/pages\/201\/revisions\/327"}],"wp:attachment":[{"href":"https:\/\/www.bss-dinslaken.de\/wp\/index.php?rest_route=%2Fwp%2Fv2%2Fmedia&parent=201"}],"curies":[{"name":"wp","href":"https:\/\/api.w.org\/{rel}","templated":true}]}}