{"id":2,"date":"2023-10-20T15:45:30","date_gmt":"2023-10-20T13:45:30","guid":{"rendered":"https:\/\/www.bss-dinslaken.de\/wp\/?page_id=2"},"modified":"2025-06-28T09:59:15","modified_gmt":"2025-06-28T07:59:15","slug":"beispiel-seite","status":"publish","type":"page","link":"https:\/\/www.bss-dinslaken.de\/wp\/","title":{"rendered":"\u00dcber Uns"},"content":{"rendered":"<p>&#8222;Bewegung &#8211; Sport &#8211; Spiel&#8220; e.V. Dinslaken wurde 1989 als eigenst\u00e4ndiger Verein gegr\u00fcndet.<\/p>\n<p>Bereits 1985 begannen die sportlichen Aktivit\u00e4ten als Sportabteilung im F\u00f6rdererverein f\u00fcr geistig Behinderte e.V. Dinslaken.<\/p>\n<p>Nach geleisteter Aufbauarbeit entstand der Wunsch und die Notwendigkeit, sich f\u00fcr einen gr\u00f6\u00dferen Personenkreis zu \u00f6ffnen und als organisierter Sportverein t\u00e4tig zu werden.<\/p>\n<p>BSS hat es sich zur Aufgabe gemacht, f\u00fcr bewegungsauff\u00e4llige und behinderte Menschen ad\u00e4quate Sport- und Bewegungsm\u00f6glichkeiten anzubieten.<\/p>\n<p>In unserem Verein gibt es Angebote f\u00fcr:<\/p>\n<ul>\n<li>Kinder- und Jugendsport (Psychomotorik)<\/li>\n<li>Erwachsenengruppen (auch Seniorensport)<\/li>\n<li>Hallensport<\/li>\n<li>Gymnastik<\/li>\n<li>Schwimmen<\/li>\n<li>Fussball<\/li>\n<li>Wassergymnastik<\/li>\n<li>Rollstuhlsport<br \/>\n&#8230; und vieles mehr<\/li>\n<\/ul>\n<p>Der BSS wurde ausgezeichnet als<\/p>\n<p>&#8222;Behinderten-Sportverein des Jahres 2007&#8220;<\/p>\n<p>Wir sind Mitglied<\/p>\n<ul>\n<li>im Behinderten-Sportverband Nordrhein-Westfalen e.V.<\/li>\n<li>in der Stiftung Behindertensport<\/li>\n<li>im Aktionskreis Psychomotorik e.V.<\/li>\n<li>im Landessportbund NRW<\/li>\n<li>bei Special Olympics<\/li>\n<li>im Deutschen Parit\u00e4tischen Wohlfahrtsverband<\/li>\n<\/ul>\n<p>Zertifiziert vom BSNW als Leistungserbringer im Rehabilitationssport!<\/p>\n<p>&nbsp;<\/p>\n<p>Mit Bewegung &#8211; Sport &#8211; Spiel wollen wir Bewegungserziehung und Sport betreiben. Dies kann man nicht immer mit den traditionellen Sportarten gleichsetzen.<\/p>\n<p>Bewegung und Sport dienen der Gesundheit, der Pers\u00f6nlichkeitsf\u00f6rderung, der F\u00f6rderung von Sozialkontakten und weckt neues Selbstvertrauen.<\/p>\n<p>Unsere Angebote stellen eine sinnvolle Erg\u00e4nzung und Fortsetzung von Therapien dar.<\/p>\n<p>&nbsp;<\/p>\n<p><em>(Barrierefreiheit: Passen Sie gerne unsere Internetseite mit dem Menu rechts ihren W\u00fcnschen an. Eine \u00dcbersichtsseite finden Sie <\/em><a href=\"https:\/\/www.bss-dinslaken.de\/wp\/?page_id=443\"><strong>hier<\/strong><\/a><em>. Hier k\u00f6nnen Sie mit der TAB-Taste und der ENTER-Taste zu allen Seiten gelangen)<\/em><\/p>\n<p>&nbsp;<\/p>\n\n","protected":false},"excerpt":{"rendered":"<p>&#8222;Bewegung &#8211; Sport &#8211; Spiel&#8220; e.V. Dinslaken wurde 1989 als eigenst\u00e4ndiger Verein gegr\u00fcndet. Bereits 1985 begannen die sportlichen Aktivit\u00e4ten als Sportabteilung im F\u00f6rdererverein f\u00fcr geistig &hellip;<\/p>\n","protected":false},"author":1,"featured_media":0,"parent":0,"menu_order":0,"comment_status":"closed","ping_status":"closed","template":"","meta":{"footnotes":""},"class_list":["post-2","page","type-page","status-publish","hentry"],"_links":{"self":[{"href":"https:\/\/www.bss-dinslaken.de\/wp\/index.php?rest_route=\/wp\/v2\/pages\/2","targetHints":{"allow":["GET"]}}],"collection":[{"href":"https:\/\/www.bss-dinslaken.de\/wp\/index.php?rest_route=\/wp\/v2\/pages"}],"about":[{"href":"https:\/\/www.bss-dinslaken.de\/wp\/index.php?rest_route=\/wp\/v2\/types\/page"}],"author":[{"embeddable":true,"href":"https:\/\/www.bss-dinslaken.de\/wp\/index.php?rest_route=\/wp\/v2\/users\/1"}],"replies":[{"embeddable":true,"href":"https:\/\/www.bss-dinslaken.de\/wp\/index.php?rest_route=%2Fwp%2Fv2%2Fcomments&post=2"}],"version-history":[{"count":26,"href":"https:\/\/www.bss-dinslaken.de\/wp\/index.php?rest_route=\/wp\/v2\/pages\/2\/revisions"}],"predecessor-version":[{"id":454,"href":"https:\/\/www.bss-dinslaken.de\/wp\/index.php?rest_route=\/wp\/v2\/pages\/2\/revisions\/454"}],"wp:attachment":[{"href":"https:\/\/www.bss-dinslaken.de\/wp\/index.php?rest_route=%2Fwp%2Fv2%2Fmedia&parent=2"}],"curies":[{"name":"wp","href":"https:\/\/api.w.org\/{rel}","templated":true}]}}